{"id":3697,"date":"2017-05-31T05:05:41","date_gmt":"2017-05-31T03:05:41","guid":{"rendered":"https:\/\/www.apartmanybelveder.sk\/contact\/"},"modified":"2025-07-17T13:15:41","modified_gmt":"2025-07-17T11:15:41","slug":"contact","status":"publish","type":"page","link":"https:\/\/www.apartmanybelveder.sk\/en\/contact\/","title":{"rendered":"Contact"},"content":{"rendered":"\t\t<div data-elementor-type=\"wp-post\" data-elementor-id=\"3697\" class=\"elementor elementor-3697 elementor-76\" data-elementor-post-type=\"page\">\n\t\t\t\t\t\t<section class=\"elementor-section elementor-top-section elementor-element elementor-element-qgk6sn0 elementor-section-boxed elementor-section-height-default elementor-section-height-default\" data-id=\"qgk6sn0\" data-element_type=\"section\" data-e-type=\"section\" data-settings=\"{&quot;background_background&quot;:&quot;classic&quot;}\">\n\t\t\t\t\t\t<div class=\"elementor-container elementor-column-gap-default\">\n\t\t\t\t\t<div class=\"elementor-column elementor-col-100 elementor-top-column elementor-element elementor-element-uaw4tj7\" data-id=\"uaw4tj7\" data-element_type=\"column\" data-e-type=\"column\">\n\t\t\t<div class=\"elementor-widget-wrap elementor-element-populated\">\n\t\t\t\t\t\t<section class=\"elementor-section elementor-inner-section elementor-element elementor-element-8cd8eb4 elementor-section-boxed elementor-section-height-default elementor-section-height-default\" data-id=\"8cd8eb4\" data-element_type=\"section\" data-e-type=\"section\">\n\t\t\t\t\t\t<div class=\"elementor-container elementor-column-gap-default\">\n\t\t\t\t\t<div class=\"elementor-column elementor-col-50 elementor-inner-column elementor-element elementor-element-a8b93ed\" data-id=\"a8b93ed\" data-element_type=\"column\" data-e-type=\"column\">\n\t\t\t<div class=\"elementor-widget-wrap elementor-element-populated\">\n\t\t\t\t\t\t<div class=\"elementor-element elementor-element-ewkxetx elementor-position-left elementor-view-default elementor-widget elementor-widget-themo-service-block\" data-id=\"ewkxetx\" data-element_type=\"widget\" data-e-type=\"widget\" data-widget_type=\"themo-service-block.default\">\n\t\t\t\t<div class=\"elementor-widget-container\">\n\t\t\t\t\t\t\t<div class=\"th-service-block-w\">\n            <div class=\"elementor-icon-box-wrapper th-show-icon\">\n                                    <div class=\"elementor-icon-box-icon th-icon-size-sm\">\n                        <a class=\"elementor-icon \" href=\"tel:+421948505010\">\n                            <i class=\"th-linea icon-basic-smartphone\" aria-hidden=\"true\" fff><\/i>                        <\/a>\n                    <\/div>\n                                <div class=\"elementor-icon-box-content\">\n                    <h4 class=\"elementor-icon-box-title\">\n                        <a href=\"tel:+421948505010\">+421 948 505 010<\/a>\n                    <\/h4>\n                    <p class=\"elementor-icon-box-description\"><\/p>\n                <\/div>\n            <\/div>\n\n        <\/div>\n\n\t\t\t\t\t\t<\/div>\n\t\t\t\t<\/div>\n\t\t\t\t<div class=\"elementor-element elementor-element-pinzlyz elementor-position-left elementor-view-default elementor-widget elementor-widget-themo-service-block\" data-id=\"pinzlyz\" data-element_type=\"widget\" data-e-type=\"widget\" data-widget_type=\"themo-service-block.default\">\n\t\t\t\t<div class=\"elementor-widget-container\">\n\t\t\t\t\t\t\t<div class=\"th-service-block-w\">\n            <div class=\"elementor-icon-box-wrapper th-show-icon\">\n                                    <div class=\"elementor-icon-box-icon th-icon-size-sm\">\n                        <a class=\"elementor-icon \" href=\"mailto:info@apartmanybelveder.sk\">\n                            <i class=\"th-linea icon-basic-mail\" aria-hidden=\"true\" fff><\/i>                        <\/a>\n                    <\/div>\n                                <div class=\"elementor-icon-box-content\">\n                    <h4 class=\"elementor-icon-box-title\">\n                        <a href=\"mailto:info@apartmanybelveder.sk\">info@apartmanybelveder.sk<\/a>\n                    <\/h4>\n                    <p class=\"elementor-icon-box-description\"><\/p>\n                <\/div>\n            <\/div>\n\n        <\/div>\n\n\t\t\t\t\t\t<\/div>\n\t\t\t\t<\/div>\n\t\t\t\t\t<\/div>\n\t\t<\/div>\n\t\t\t\t<div class=\"elementor-column elementor-col-50 elementor-inner-column elementor-element elementor-element-349f6c2\" data-id=\"349f6c2\" data-element_type=\"column\" data-e-type=\"column\">\n\t\t\t<div class=\"elementor-widget-wrap elementor-element-populated\">\n\t\t\t\t\t\t<div class=\"elementor-element elementor-element-kfel6yx elementor-position-left elementor-view-default elementor-widget elementor-widget-themo-service-block\" data-id=\"kfel6yx\" data-element_type=\"widget\" data-e-type=\"widget\" data-widget_type=\"themo-service-block.default\">\n\t\t\t\t<div class=\"elementor-widget-container\">\n\t\t\t\t\t\t\t<div class=\"th-service-block-w\">\n            <div class=\"elementor-icon-box-wrapper th-show-icon\">\n                                    <div class=\"elementor-icon-box-icon th-icon-size-sm\">\n                        <span class=\"elementor-icon \" >\n                            <i class=\"th-trip travelpack-location-pin-1\" aria-hidden=\"true\" fff><\/i>                        <\/span>\n                    <\/div>\n                                <div class=\"elementor-icon-box-content\">\n                    <h3 class=\"elementor-icon-box-title\">\n                        <span >Apartments Belveder<\/span>\n                    <\/h3>\n                    <p class=\"elementor-icon-box-description\">Tatransk\u00e1 Lomnica 14674,\n059 60 Tatransk\u00e1 Lomnica, Slovakia<\/p>\n                <\/div>\n            <\/div>\n\n        <\/div>\n\n\t\t\t\t\t\t<\/div>\n\t\t\t\t<\/div>\n\t\t\t\t\t<\/div>\n\t\t<\/div>\n\t\t\t\t\t<\/div>\n\t\t<\/section>\n\t\t\t\t\t<\/div>\n\t\t<\/div>\n\t\t\t\t\t<\/div>\n\t\t<\/section>\n\t\t\t\t<section class=\"elementor-section elementor-top-section elementor-element elementor-element-9diqe2l elementor-section-full_width elementor-section-height-default elementor-section-height-default\" data-id=\"9diqe2l\" data-element_type=\"section\" data-e-type=\"section\">\n\t\t\t\t\t\t<div class=\"elementor-container elementor-column-gap-no\">\n\t\t\t\t\t<div class=\"elementor-column elementor-col-100 elementor-top-column elementor-element elementor-element-euwlt2i\" data-id=\"euwlt2i\" data-element_type=\"column\" data-e-type=\"column\">\n\t\t\t<div class=\"elementor-widget-wrap elementor-element-populated\">\n\t\t\t\t\t\t<section class=\"elementor-section elementor-inner-section elementor-element elementor-element-bf0b406 elementor-section-boxed elementor-section-height-default elementor-section-height-default\" data-id=\"bf0b406\" data-element_type=\"section\" data-e-type=\"section\">\n\t\t\t\t\t\t<div class=\"elementor-container elementor-column-gap-default\">\n\t\t\t\t\t<div class=\"elementor-column elementor-col-50 elementor-inner-column elementor-element elementor-element-2b623e4\" data-id=\"2b623e4\" data-element_type=\"column\" data-e-type=\"column\">\n\t\t\t<div class=\"elementor-widget-wrap elementor-element-populated\">\n\t\t\t\t\t\t<div class=\"elementor-element elementor-element-a3a0571 elementor-widget elementor-widget-themo-formidable-form\" data-id=\"a3a0571\" data-element_type=\"widget\" data-e-type=\"widget\" data-widget_type=\"themo-formidable-form.default\">\n\t\t\t\t<div class=\"elementor-widget-container\">\n\t\t\t\t\t            <div class=\"th-fo-form  th-form-default  th-btn-form btn-standard-primary-form\"><div class=\"frm_forms  with_frm_style frm_style_formidable-style\" id=\"frm_form_9_container\" data-token=\"4af632043291e21e0ec09b1a705a49a0\">\n<form enctype=\"multipart\/form-data\" method=\"post\" class=\"frm-show-form  frm_pro_form \" id=\"form_contact3a797e37fef2\" data-token=\"4af632043291e21e0ec09b1a705a49a0\">\n<div class=\"frm_form_fields \">\n<fieldset>\n\r\n<div class=\"frm_fields_container\">\n<input type=\"hidden\" name=\"frm_action\" value=\"create\" \/>\n<input type=\"hidden\" name=\"form_id\" value=\"9\" \/>\n<input type=\"hidden\" name=\"frm_hide_fields_9\" id=\"frm_hide_fields_9\" value=\"\" \/>\n<input type=\"hidden\" name=\"form_key\" value=\"contact3a797e37fef2\" \/>\n<input type=\"hidden\" name=\"item_meta[0]\" value=\"\" \/>\n<input type=\"hidden\" id=\"frm_submit_entry_9\" name=\"frm_submit_entry_9\" value=\"2e4e32dbe7\" \/><input type=\"hidden\" name=\"_wp_http_referer\" value=\"\/en\/wp-json\/wp\/v2\/pages\/3697\" \/><div id=\"frm_field_50_container\" class=\"frm_form_field form-field  frm_required_field frm_none_container frm_full\">\r\n    <label for=\"field_xipbjr3d9267829542\" class=\"frm_primary_label\">Name\r\n        <span class=\"frm_required\">*<\/span>\r\n    <\/label>\r\n    <input  type=\"text\" id=\"field_xipbjr3d9267829542\" name=\"item_meta[50]\" value=\"\"  placeholder=\"Name\" data-reqmsg=\"Toto pole nem\u00f4\u017ee zosta\u0165 pr\u00e1zdne.\" aria-required=\"true\" data-invmsg=\"Name is invalid\" aria-invalid=\"false\"   \/>\r\n    \r\n    \r\n<\/div>\n<div id=\"frm_field_51_container\" class=\"frm_form_field form-field  frm_required_field frm_none_container frm12\">\r\n    <label for=\"field_ei2kp2\" id=\"field_ei2kp2_label\" class=\"frm_primary_label\">Email\r\n        <span class=\"frm_required\">*<\/span>\r\n    <\/label>\r\n    <input type=\"email\" id=\"field_ei2kp2\" name=\"item_meta[51]\" value=\"\"  placeholder=\"Email\" data-reqmsg=\"Toto pole nem\u00f4\u017ee zosta\u0165 pr\u00e1zdne.\" aria-required=\"true\" data-invmsg=\"E-mail je neplatn\u00fd.\" aria-invalid=\"false\"  \/>\r\n    \r\n    \r\n<\/div>\n<div id=\"frm_field_52_container\" class=\"frm_form_field form-field  frm_none_container frm_full\">\r\n    <label for=\"field_cqpguu37dbe2c1a2e2\" class=\"frm_primary_label\">Phone number\r\n        <span class=\"frm_required\"><\/span>\r\n    <\/label>\r\n    <input  type=\"text\" id=\"field_cqpguu37dbe2c1a2e2\" name=\"item_meta[52]\" value=\"\"  placeholder=\"Phone number\" data-invmsg=\"Phone is invalid\" aria-invalid=\"false\"   \/>\r\n    \r\n    \r\n<\/div>\n<div id=\"frm_field_53_container\" class=\"frm_form_field form-field  frm_required_field frm_none_container frm_full\">\r\n    <label for=\"field_w7ueyk363784d27372\" class=\"frm_primary_label\">Subject\r\n        <span class=\"frm_required\">*<\/span>\r\n    <\/label>\r\n    <input  type=\"text\" id=\"field_w7ueyk363784d27372\" name=\"item_meta[53]\" value=\"\"  placeholder=\"Subject\" data-reqmsg=\"Toto pole nem\u00f4\u017ee zosta\u0165 pr\u00e1zdne.\" aria-required=\"true\" data-invmsg=\"Subject is invalid\" aria-invalid=\"false\"   \/>\r\n    \r\n    \r\n<\/div>\n<div id=\"frm_field_54_container\" class=\"frm_form_field form-field  frm_required_field frm_none_container frm_full\">\r\n    <label for=\"field_kggkvh39470985cad2\" class=\"frm_primary_label\">Message\r\n        <span class=\"frm_required\">*<\/span>\r\n    <\/label>\r\n    <textarea name=\"item_meta[54]\" id=\"field_kggkvh39470985cad2\" rows=\"5\"  placeholder=\"Message\" data-reqmsg=\"Toto pole nem\u00f4\u017ee zosta\u0165 pr\u00e1zdne.\" aria-required=\"true\" data-invmsg=\"Message is invalid\" aria-invalid=\"false\"  ><\/textarea>\r\n    \r\n    \r\n<\/div>\n<div id=\"frm_field_55_container\" class=\"frm_form_field form-field  frm_none_container frm12 frm_first\">\n\t<label for=\"g-recaptcha-response\" id=\"field_172a52_label\" class=\"frm_primary_label\">Captcha\n\t\t<span class=\"frm_required\" aria-hidden=\"true\"><\/span>\n\t<\/label>\n\t<div  id=\"field_172a52\" class=\"frm-g-recaptcha\" data-sitekey=\"6LdRXfgpAAAAAJyVrld_uR1_Ng0ZcwnabI7fUaUP\" data-size=\"normal\" data-theme=\"light\"><\/div>\n\t\n\t\n<\/div>\n<div id=\"frm_field_56_container\" class=\"frm_form_field form-field  frm12 frm_first\">\r\n\t<div class=\"frm_submit\">\r\n\r\n<input type=\"submit\" value=\"Send\"  class=\"frm_final_submit\" formnovalidate=\"formnovalidate\" \/>\r\n<img decoding=\"async\" class=\"frm_ajax_loading lazyload\" data-src=\"https:\/\/www.apartmanybelveder.sk\/wp-content\/plugins\/formidable\/images\/ajax_loader.gif\" alt=\"Sending\" style=\"visibility:hidden;\" src=\"data:image\/gif;base64,R0lGODlhAQABAAAAACH5BAEKAAEALAAAAAABAAEAAAICTAEAOw==\" \/><noscript><img decoding=\"async\" class=\"frm_ajax_loading\" src=\"https:\/\/www.apartmanybelveder.sk\/wp-content\/plugins\/formidable\/images\/ajax_loader.gif\" alt=\"Sending\" style=\"visibility:hidden;\" \/><\/noscript>\r\n\r\n<\/div>\r\n<\/div>\n\t<input type=\"hidden\" name=\"item_key\" value=\"\" \/>\n\t\t\t<div id=\"frm_field_59_container\">\n\t\t\t<label for=\"field_g89fu\" >\n\t\t\t\tIf you are human, leave this field blank.\t\t\t<\/label>\n\t\t\t<input  id=\"field_g89fu\" type=\"text\" class=\"frm_form_field form-field frm_verify\" name=\"item_meta[59]\" value=\"\"  \/>\n\t\t<\/div>\n\t\t<input name=\"frm_state\" type=\"hidden\" value=\"qTJU5oESOpp6jjJOxu9RYrPM5tXQDsYAfvV8daX6THIRQ\/eEJBRFa6+l\/XcO0ipH\" \/><\/div>\n<\/fieldset>\n<\/div>\n\n<\/form>\n<\/div>\n<\/div>\n            \t\t\t\t<\/div>\n\t\t\t\t<\/div>\n\t\t\t\t\t<\/div>\n\t\t<\/div>\n\t\t\t\t<div class=\"elementor-column elementor-col-50 elementor-inner-column elementor-element elementor-element-aa522e7\" data-id=\"aa522e7\" data-element_type=\"column\" data-e-type=\"column\">\n\t\t\t<div class=\"elementor-widget-wrap elementor-element-populated\">\n\t\t\t\t\t\t<div class=\"elementor-element elementor-element-eec90cf elementor-widget elementor-widget-html\" data-id=\"eec90cf\" data-element_type=\"widget\" data-e-type=\"widget\" data-widget_type=\"html.default\">\n\t\t\t\t<div class=\"elementor-widget-container\">\n\t\t\t\t\t<iframe data-src=\"https:\/\/www.google.com\/maps\/embed?pb=!1m14!1m8!1m3!1d4232.069869965868!2d20.2752713800601!3d49.16433183105405!3m2!1i1024!2i768!4f13.1!3m3!1m2!1s0x0%3A0xd1e0997a46874b9d!2sApartm%C3%A1ny%20Belveder!5e0!3m2!1ssk!2ssk!4v1605538278731!5m2!1ssk!2ssk\" width=\"600\" height=\"440\" frameborder=\"0\" style=\"border:0;\" allowfullscreen=\"\" aria-hidden=\"false\" tabindex=\"0\" src=\"data:image\/gif;base64,R0lGODlhAQABAAAAACH5BAEKAAEALAAAAAABAAEAAAICTAEAOw==\" class=\"lazyload\" data-load-mode=\"1\"><\/iframe>\t\t\t\t<\/div>\n\t\t\t\t<\/div>\n\t\t\t\t\t<\/div>\n\t\t<\/div>\n\t\t\t\t\t<\/div>\n\t\t<\/section>\n\t\t\t\t<div class=\"elementor-element elementor-element-2e96c4e elementor-widget elementor-widget-spacer\" data-id=\"2e96c4e\" data-element_type=\"widget\" data-e-type=\"widget\" data-widget_type=\"spacer.default\">\n\t\t\t\t<div class=\"elementor-widget-container\">\n\t\t\t\t\t\t\t<div class=\"elementor-spacer\">\n\t\t\t<div class=\"elementor-spacer-inner\"><\/div>\n\t\t<\/div>\n\t\t\t\t\t\t<\/div>\n\t\t\t\t<\/div>\n\t\t\t\t\t<\/div>\n\t\t<\/div>\n\t\t\t\t\t<\/div>\n\t\t<\/section>\n\t\t\t\t<\/div>\n\t\t","protected":false},"excerpt":{"rendered":"<p>+421 948 505 010 info@apartmanybelveder.sk Apartments Belveder Tatransk\u00e1 Lomnica 14674, 059 60 Tatransk\u00e1 Lomnica, Slovakia Name * Email * Phone number Subject * Message * Captcha If you are human, leave this field blank.<\/p>\n","protected":false},"author":1,"featured_media":0,"parent":0,"menu_order":18,"comment_status":"closed","ping_status":"closed","template":"","meta":{"footnotes":""},"class_list":["post-3697","page","type-page","status-publish","hentry"],"yoast_head":"<!-- This site is optimized with the Yoast SEO plugin v27.3 - https:\/\/yoast.com\/product\/yoast-seo-wordpress\/ -->\n<title>Contact - Apartm\u00e1ny Belveder<\/title>\n<meta name=\"robots\" content=\"index, follow, max-snippet:-1, max-image-preview:large, max-video-preview:-1\" \/>\n<link rel=\"canonical\" href=\"https:\/\/www.apartmanybelveder.sk\/en\/contact\/\" \/>\n<meta property=\"og:locale\" content=\"en_US\" \/>\n<meta property=\"og:type\" content=\"article\" \/>\n<meta property=\"og:title\" content=\"Contact - Apartm\u00e1ny Belveder\" \/>\n<meta property=\"og:description\" content=\"+421 948 505 010 info@apartmanybelveder.sk Apartments Belveder Tatransk\u00e1 Lomnica 14674, 059 60 Tatransk\u00e1 Lomnica, Slovakia Name * Email * Phone number Subject * Message * Captcha If you are human, leave this field blank.\" \/>\n<meta property=\"og:url\" content=\"https:\/\/www.apartmanybelveder.sk\/en\/contact\/\" \/>\n<meta property=\"og:site_name\" content=\"Apartm\u00e1ny Belveder\" \/>\n<meta property=\"article:publisher\" content=\"https:\/\/www.facebook.com\/apartmanybelveder\" \/>\n<meta property=\"article:modified_time\" content=\"2025-07-17T11:15:41+00:00\" \/>\n<meta property=\"og:image\" content=\"https:\/\/www.apartmanybelveder.sk\/wp-content\/plugins\/formidable\/images\/ajax_loader.gif\" \/>\n<meta name=\"twitter:card\" content=\"summary_large_image\" \/>\n<meta name=\"twitter:label1\" content=\"Est. reading time\" \/>\n\t<meta name=\"twitter:data1\" content=\"1 minute\" \/>\n<script type=\"application\/ld+json\" class=\"yoast-schema-graph\">{\"@context\":\"https:\\\/\\\/schema.org\",\"@graph\":[{\"@type\":\"WebPage\",\"@id\":\"https:\\\/\\\/www.apartmanybelveder.sk\\\/en\\\/contact\\\/\",\"url\":\"https:\\\/\\\/www.apartmanybelveder.sk\\\/en\\\/contact\\\/\",\"name\":\"Contact - Apartm\u00e1ny Belveder\",\"isPartOf\":{\"@id\":\"https:\\\/\\\/www.apartmanybelveder.sk\\\/en\\\/#website\"},\"primaryImageOfPage\":{\"@id\":\"https:\\\/\\\/www.apartmanybelveder.sk\\\/en\\\/contact\\\/#primaryimage\"},\"image\":{\"@id\":\"https:\\\/\\\/www.apartmanybelveder.sk\\\/en\\\/contact\\\/#primaryimage\"},\"thumbnailUrl\":\"https:\\\/\\\/www.apartmanybelveder.sk\\\/wp-content\\\/plugins\\\/formidable\\\/images\\\/ajax_loader.gif\",\"datePublished\":\"2017-05-31T03:05:41+00:00\",\"dateModified\":\"2025-07-17T11:15:41+00:00\",\"breadcrumb\":{\"@id\":\"https:\\\/\\\/www.apartmanybelveder.sk\\\/en\\\/contact\\\/#breadcrumb\"},\"inLanguage\":\"en-US\",\"potentialAction\":[{\"@type\":\"ReadAction\",\"target\":[\"https:\\\/\\\/www.apartmanybelveder.sk\\\/en\\\/contact\\\/\"]}]},{\"@type\":\"ImageObject\",\"inLanguage\":\"en-US\",\"@id\":\"https:\\\/\\\/www.apartmanybelveder.sk\\\/en\\\/contact\\\/#primaryimage\",\"url\":\"https:\\\/\\\/www.apartmanybelveder.sk\\\/wp-content\\\/plugins\\\/formidable\\\/images\\\/ajax_loader.gif\",\"contentUrl\":\"https:\\\/\\\/www.apartmanybelveder.sk\\\/wp-content\\\/plugins\\\/formidable\\\/images\\\/ajax_loader.gif\"},{\"@type\":\"BreadcrumbList\",\"@id\":\"https:\\\/\\\/www.apartmanybelveder.sk\\\/en\\\/contact\\\/#breadcrumb\",\"itemListElement\":[{\"@type\":\"ListItem\",\"position\":1,\"name\":\"Domovsk\u00e1 str\u00e1nka\",\"item\":\"https:\\\/\\\/www.apartmanybelveder.sk\\\/en\\\/\"},{\"@type\":\"ListItem\",\"position\":2,\"name\":\"Contact\"}]},{\"@type\":\"WebSite\",\"@id\":\"https:\\\/\\\/www.apartmanybelveder.sk\\\/en\\\/#website\",\"url\":\"https:\\\/\\\/www.apartmanybelveder.sk\\\/en\\\/\",\"name\":\"Apartm\u00e1ny Belveder\",\"description\":\"Accommodation in Tatranska Lomnica\",\"publisher\":{\"@id\":\"https:\\\/\\\/www.apartmanybelveder.sk\\\/en\\\/#organization\"},\"potentialAction\":[{\"@type\":\"SearchAction\",\"target\":{\"@type\":\"EntryPoint\",\"urlTemplate\":\"https:\\\/\\\/www.apartmanybelveder.sk\\\/en\\\/?s={search_term_string}\"},\"query-input\":{\"@type\":\"PropertyValueSpecification\",\"valueRequired\":true,\"valueName\":\"search_term_string\"}}],\"inLanguage\":\"en-US\"},{\"@type\":\"Organization\",\"@id\":\"https:\\\/\\\/www.apartmanybelveder.sk\\\/en\\\/#organization\",\"name\":\"APARTM\u00c1NY BELVEDER\",\"url\":\"https:\\\/\\\/www.apartmanybelveder.sk\\\/en\\\/\",\"logo\":{\"@type\":\"ImageObject\",\"inLanguage\":\"en-US\",\"@id\":\"https:\\\/\\\/www.apartmanybelveder.sk\\\/en\\\/#\\\/schema\\\/logo\\\/image\\\/\",\"url\":\"https:\\\/\\\/www.apartmanybelveder.sk\\\/wp-content\\\/uploads\\\/2020\\\/11\\\/iconka.png\",\"contentUrl\":\"https:\\\/\\\/www.apartmanybelveder.sk\\\/wp-content\\\/uploads\\\/2020\\\/11\\\/iconka.png\",\"width\":347,\"height\":204,\"caption\":\"APARTM\u00c1NY BELVEDER\"},\"image\":{\"@id\":\"https:\\\/\\\/www.apartmanybelveder.sk\\\/en\\\/#\\\/schema\\\/logo\\\/image\\\/\"},\"sameAs\":[\"https:\\\/\\\/www.facebook.com\\\/apartmanybelveder\",\"https:\\\/\\\/www.instagram.com\\\/apartmany.belveder\\\/\"]}]}<\/script>\n<!-- \/ Yoast SEO plugin. -->","yoast_head_json":{"title":"Contact - Apartm\u00e1ny Belveder","robots":{"index":"index","follow":"follow","max-snippet":"max-snippet:-1","max-image-preview":"max-image-preview:large","max-video-preview":"max-video-preview:-1"},"canonical":"https:\/\/www.apartmanybelveder.sk\/en\/contact\/","og_locale":"en_US","og_type":"article","og_title":"Contact - Apartm\u00e1ny Belveder","og_description":"+421 948 505 010 info@apartmanybelveder.sk Apartments Belveder Tatransk\u00e1 Lomnica 14674, 059 60 Tatransk\u00e1 Lomnica, Slovakia Name * Email * Phone number Subject * Message * Captcha If you are human, leave this field blank.","og_url":"https:\/\/www.apartmanybelveder.sk\/en\/contact\/","og_site_name":"Apartm\u00e1ny Belveder","article_publisher":"https:\/\/www.facebook.com\/apartmanybelveder","article_modified_time":"2025-07-17T11:15:41+00:00","og_image":[{"url":"https:\/\/www.apartmanybelveder.sk\/wp-content\/plugins\/formidable\/images\/ajax_loader.gif","type":"","width":"","height":""}],"twitter_card":"summary_large_image","twitter_misc":{"Est. reading time":"1 minute"},"schema":{"@context":"https:\/\/schema.org","@graph":[{"@type":"WebPage","@id":"https:\/\/www.apartmanybelveder.sk\/en\/contact\/","url":"https:\/\/www.apartmanybelveder.sk\/en\/contact\/","name":"Contact - Apartm\u00e1ny Belveder","isPartOf":{"@id":"https:\/\/www.apartmanybelveder.sk\/en\/#website"},"primaryImageOfPage":{"@id":"https:\/\/www.apartmanybelveder.sk\/en\/contact\/#primaryimage"},"image":{"@id":"https:\/\/www.apartmanybelveder.sk\/en\/contact\/#primaryimage"},"thumbnailUrl":"https:\/\/www.apartmanybelveder.sk\/wp-content\/plugins\/formidable\/images\/ajax_loader.gif","datePublished":"2017-05-31T03:05:41+00:00","dateModified":"2025-07-17T11:15:41+00:00","breadcrumb":{"@id":"https:\/\/www.apartmanybelveder.sk\/en\/contact\/#breadcrumb"},"inLanguage":"en-US","potentialAction":[{"@type":"ReadAction","target":["https:\/\/www.apartmanybelveder.sk\/en\/contact\/"]}]},{"@type":"ImageObject","inLanguage":"en-US","@id":"https:\/\/www.apartmanybelveder.sk\/en\/contact\/#primaryimage","url":"https:\/\/www.apartmanybelveder.sk\/wp-content\/plugins\/formidable\/images\/ajax_loader.gif","contentUrl":"https:\/\/www.apartmanybelveder.sk\/wp-content\/plugins\/formidable\/images\/ajax_loader.gif"},{"@type":"BreadcrumbList","@id":"https:\/\/www.apartmanybelveder.sk\/en\/contact\/#breadcrumb","itemListElement":[{"@type":"ListItem","position":1,"name":"Domovsk\u00e1 str\u00e1nka","item":"https:\/\/www.apartmanybelveder.sk\/en\/"},{"@type":"ListItem","position":2,"name":"Contact"}]},{"@type":"WebSite","@id":"https:\/\/www.apartmanybelveder.sk\/en\/#website","url":"https:\/\/www.apartmanybelveder.sk\/en\/","name":"Apartm\u00e1ny Belveder","description":"Accommodation in Tatranska Lomnica","publisher":{"@id":"https:\/\/www.apartmanybelveder.sk\/en\/#organization"},"potentialAction":[{"@type":"SearchAction","target":{"@type":"EntryPoint","urlTemplate":"https:\/\/www.apartmanybelveder.sk\/en\/?s={search_term_string}"},"query-input":{"@type":"PropertyValueSpecification","valueRequired":true,"valueName":"search_term_string"}}],"inLanguage":"en-US"},{"@type":"Organization","@id":"https:\/\/www.apartmanybelveder.sk\/en\/#organization","name":"APARTM\u00c1NY BELVEDER","url":"https:\/\/www.apartmanybelveder.sk\/en\/","logo":{"@type":"ImageObject","inLanguage":"en-US","@id":"https:\/\/www.apartmanybelveder.sk\/en\/#\/schema\/logo\/image\/","url":"https:\/\/www.apartmanybelveder.sk\/wp-content\/uploads\/2020\/11\/iconka.png","contentUrl":"https:\/\/www.apartmanybelveder.sk\/wp-content\/uploads\/2020\/11\/iconka.png","width":347,"height":204,"caption":"APARTM\u00c1NY BELVEDER"},"image":{"@id":"https:\/\/www.apartmanybelveder.sk\/en\/#\/schema\/logo\/image\/"},"sameAs":["https:\/\/www.facebook.com\/apartmanybelveder","https:\/\/www.instagram.com\/apartmany.belveder\/"]}]}},"_links":{"self":[{"href":"https:\/\/www.apartmanybelveder.sk\/en\/wp-json\/wp\/v2\/pages\/3697","targetHints":{"allow":["GET"]}}],"collection":[{"href":"https:\/\/www.apartmanybelveder.sk\/en\/wp-json\/wp\/v2\/pages"}],"about":[{"href":"https:\/\/www.apartmanybelveder.sk\/en\/wp-json\/wp\/v2\/types\/page"}],"author":[{"embeddable":true,"href":"https:\/\/www.apartmanybelveder.sk\/en\/wp-json\/wp\/v2\/users\/1"}],"replies":[{"embeddable":true,"href":"https:\/\/www.apartmanybelveder.sk\/en\/wp-json\/wp\/v2\/comments?post=3697"}],"version-history":[{"count":4,"href":"https:\/\/www.apartmanybelveder.sk\/en\/wp-json\/wp\/v2\/pages\/3697\/revisions"}],"predecessor-version":[{"id":3702,"href":"https:\/\/www.apartmanybelveder.sk\/en\/wp-json\/wp\/v2\/pages\/3697\/revisions\/3702"}],"wp:attachment":[{"href":"https:\/\/www.apartmanybelveder.sk\/en\/wp-json\/wp\/v2\/media?parent=3697"}],"curies":[{"name":"wp","href":"https:\/\/api.w.org\/{rel}","templated":true}]}}